{"id":5877,"date":"2024-05-28T13:49:06","date_gmt":"2024-05-28T17:49:06","guid":{"rendered":"https:\/\/gestion-af.ca\/?page_id=5877"},"modified":"2024-10-24T15:35:28","modified_gmt":"2024-10-24T19:35:28","slug":"thank-you","status":"publish","type":"page","link":"https:\/\/gestion-af.ca\/en\/merci\/","title":{"rendered":"Thank you"},"content":{"rendered":"<section class=\"bde-section-5877-100 bde-section subheader\">\n  \n  \n\t\n\n\n\n<div class=\"section-container\"><div class=\"bde-div-5877-101 bde-div\">\n  \n  \n\t\n\n\n\n<h2 class=\"bde-heading-5877-108 bde-heading\">\nThank you for contacting us!\n<\/h2><div class=\"bde-text-5877-105 bde-text\">\nWe have received your request and will contact you as soon as possible. In the meantime, please feel free to explore our site to find out more about our services. We thank you for your confidence!\n<\/div><div class=\"bde-button-5877-107 bde-button bde-preset-4e758ae6-f3cd-46a7-bd9c-9cdd252b0a45\">\n    \n                        \n                        \n    \n    \n    \n    \n            \n                    \n            \n            \n\n    \n    \n    \n    \n    \n    <a class=\"breakdance-link button-atom button-atom--custom bde-button__button\" href=\"https:\/\/gestion-af.ca\/en\/\" target=\"_self\" data-type=\"url\"  >\n\n    \n        <span class=\"button-atom__text\">Back to home page<\/span>\n\n                            \n        \n                <\/a>\n\n    \n\n\n<\/div>\n<\/div><\/div>\n<\/section>","protected":false},"excerpt":{"rendered":"<p>Merci de nous avoir contact\u00e9s! Nous avons bien re\u00e7u votre demande et nous vous contacterons dans les plus brefs d\u00e9lais. En attendant, n&rsquo;h\u00e9sitez pas \u00e0 explorer notre site pour en savoir plus sur nos services. Nous vous remercions de votre confiance! Retour \u00e0 l&rsquo;accueil<\/p>","protected":false},"author":1,"featured_media":0,"parent":0,"menu_order":0,"comment_status":"closed","ping_status":"closed","template":"","meta":{"_acf_changed":false,"_breakdance_hide_in_design_set":false,"_breakdance_tags":"","footnotes":""},"class_list":["post-5877","page","type-page","status-publish","hentry"],"acf":[],"_links":{"self":[{"href":"https:\/\/gestion-af.ca\/en\/wp-json\/wp\/v2\/pages\/5877","targetHints":{"allow":["GET"]}}],"collection":[{"href":"https:\/\/gestion-af.ca\/en\/wp-json\/wp\/v2\/pages"}],"about":[{"href":"https:\/\/gestion-af.ca\/en\/wp-json\/wp\/v2\/types\/page"}],"author":[{"embeddable":true,"href":"https:\/\/gestion-af.ca\/en\/wp-json\/wp\/v2\/users\/1"}],"replies":[{"embeddable":true,"href":"https:\/\/gestion-af.ca\/en\/wp-json\/wp\/v2\/comments?post=5877"}],"version-history":[{"count":5,"href":"https:\/\/gestion-af.ca\/en\/wp-json\/wp\/v2\/pages\/5877\/revisions"}],"predecessor-version":[{"id":10319,"href":"https:\/\/gestion-af.ca\/en\/wp-json\/wp\/v2\/pages\/5877\/revisions\/10319"}],"wp:attachment":[{"href":"https:\/\/gestion-af.ca\/en\/wp-json\/wp\/v2\/media?parent=5877"}],"curies":[{"name":"wp","href":"https:\/\/api.w.org\/{rel}","templated":true}]}}